{"id":135,"date":"2021-05-12T11:36:55","date_gmt":"2021-05-12T11:36:55","guid":{"rendered":"https:\/\/colegioflebologia.org\/index.php\/home\/"},"modified":"2023-09-24T16:54:58","modified_gmt":"2023-09-24T16:54:58","slug":"inicio","status":"publish","type":"page","link":"https:\/\/colegioflebologia.org\/","title":{"rendered":"Inicio"},"content":{"rendered":"\n<div class=\"wp-block-uagb-container uagb-block-5fe6a32d alignfull uagb-is-root-container\"><div class=\"uagb-container-inner-blocks-wrap\">\n<h1 class=\"wp-block-heading alignwide has-text-align-center has-ast-global-color-3-color has-text-color\">Te damos la bienvenida al Colegio de M\u00e9dicos Cirujanos J. Raymond Tournay Enfocados a la Flebolog\u00eda y Linfolog\u00eda en el Estado de M\u00e9xico A.C.<\/h1>\n<\/div><\/div>\n\n\n\n<div class=\"wp-block-uagb-container uagb-block-9bdda066 alignfull uagb-is-root-container\"><div class=\"uagb-container-inner-blocks-wrap\">\n<div class=\"wp-block-uagb-advanced-heading uagb-block-46591901\"><h2 class=\"uagb-heading-text\">Nuestra identidad institucional.<\/h2><\/div>\n\n\n\n<div class=\"wp-block-uagb-container uagb-block-3cdfd4fa\">\n<div class=\"wp-block-group is-layout-constrained wp-block-group-is-layout-constrained\">\n<div class=\"wp-block-columns is-layout-flex wp-container-2 wp-block-columns-is-layout-flex\">\n<div class=\"wp-block-column is-layout-flow wp-block-column-is-layout-flow\" style=\"flex-basis:100%\">\n<div class=\"wp-block-uagb-info-box uagb-block-c272145c uagb-infobox__content-wrap  uagb-infobox-icon-above-title uagb-infobox-image-valign-top\"><div class=\"uagb-ifb-content\"><div class=\"uagb-ifb-title-wrap\"><h3 class=\"uagb-ifb-title\">Misi\u00f3n<\/h3><\/div><div class=\"uagb-ifb-separator\"><\/div><p class=\"uagb-ifb-desc\"><br>Impulsar la investigaci\u00f3n y el desarrollo de nuevos protocolos m\u00e9dicos enfocados en la flebolog\u00eda y linfolog\u00eda para contribuir a la atenci\u00f3n de estos padecimientos en M\u00e9xico y coadyuvar a nuestros pares a nivel internacional.<\/p><\/div><\/div>\n<\/div>\n<\/div>\n<\/div>\n<\/div>\n\n\n\n<div class=\"wp-block-uagb-info-box uagb-block-c042d35a uagb-infobox__content-wrap  uagb-infobox-icon-above-title uagb-infobox-image-valign-top\"><div class=\"uagb-ifb-content\"><div class=\"uagb-ifb-title-wrap\"><h3 class=\"uagb-ifb-title\">Visi\u00f3n<\/h3><\/div><div class=\"uagb-ifb-separator\"><\/div><p class=\"uagb-ifb-desc\">Ser referentes internacionales en el impulso y desarrollo de la flebolog\u00eda y linfolog\u00eda.<\/p><\/div><\/div>\n<\/div><\/div>\n\n\n\n<div class=\"wp-block-uagb-container uagb-block-b3cfbff0 alignfull uagb-is-root-container\"><div class=\"uagb-container-inner-blocks-wrap\">\n<h2 class=\"wp-block-heading has-text-align-center has-ast-global-color-0-color has-text-color has-x-large-font-size\">Nuestros Valores<\/h2>\n\n\n\n<div class=\"wp-block-uagb-slider uagb-block-62cec197 uagb-slider-container\"><div class=\"uagb-slides uagb-swiper\"><div class=\"swiper-wrapper\">\n<div class=\"wp-block-uagb-slider-child uagb-slider-child-wrap swiper-slide uagb-block-ded327c8\"><div class=\"swiper-content\">\n<div class=\"wp-block-uagb-container uagb-block-dc85d7c1\">\n<div class=\"wp-block-uagb-info-box uagb-block-81716f4e uagb-infobox__content-wrap  uagb-infobox-icon-above-title uagb-infobox-image-valign-top\"><div class=\"uagb-ifb-content\"><div class=\"uagb-ifb-title-wrap\"><h3 class=\"uagb-ifb-title\"><strong>Justicia <\/strong><\/h3><\/div><\/div><\/div>\n<\/div>\n<\/div><\/div>\n\n\n\n<div class=\"wp-block-uagb-slider-child uagb-slider-child-wrap swiper-slide uagb-block-bafe1f13\"><div class=\"swiper-content\">\n<div class=\"wp-block-uagb-container uagb-block-bb9c75f0\">\n<div class=\"wp-block-uagb-info-box uagb-block-af7c8143 uagb-infobox__content-wrap  uagb-infobox-icon-above-title uagb-infobox-image-valign-top\"><div class=\"uagb-ifb-content\"><div class=\"uagb-ifb-title-wrap\"><h3 class=\"uagb-ifb-title\"><strong>Diligencia<\/strong><\/h3><\/div><\/div><\/div>\n<\/div>\n<\/div><\/div>\n\n\n\n<div class=\"wp-block-uagb-slider-child uagb-slider-child-wrap swiper-slide uagb-block-ba154e2a\"><div class=\"swiper-content\">\n<div class=\"wp-block-uagb-container uagb-block-cd564afa\">\n<div class=\"wp-block-uagb-info-box uagb-block-124bb15f uagb-infobox__content-wrap  uagb-infobox-icon-above-title uagb-infobox-image-valign-top\"><div class=\"uagb-ifb-content\"><div class=\"uagb-ifb-title-wrap\"><h3 class=\"uagb-ifb-title\"><strong>Formalidad<\/strong><\/h3><\/div><\/div><\/div>\n<\/div>\n<\/div><\/div>\n\n\n\n<div class=\"wp-block-uagb-slider-child uagb-slider-child-wrap swiper-slide uagb-block-97e2574d\"><div class=\"swiper-content\">\n<div class=\"wp-block-uagb-container uagb-block-b2b25e12\">\n<div class=\"wp-block-uagb-info-box uagb-block-a8c82eb2 uagb-infobox__content-wrap  uagb-infobox-icon-above-title uagb-infobox-image-valign-top\"><div class=\"uagb-ifb-content\"><div class=\"uagb-ifb-title-wrap\"><h3 class=\"uagb-ifb-title\"><strong>Responsabilidad<\/strong><\/h3><\/div><\/div><\/div>\n<\/div>\n<\/div><\/div>\n\n\n\n<div class=\"wp-block-uagb-slider-child uagb-slider-child-wrap swiper-slide uagb-block-4ee90748\"><div class=\"swiper-content\">\n<div class=\"wp-block-uagb-container uagb-block-8cb1c9c6\">\n<div class=\"wp-block-uagb-info-box uagb-block-57a80d41 uagb-infobox__content-wrap  uagb-infobox-icon-above-title uagb-infobox-image-valign-top\"><div class=\"uagb-ifb-content\"><div class=\"uagb-ifb-title-wrap\"><h3 class=\"uagb-ifb-title\"><strong>Honradez<\/strong><\/h3><\/div><\/div><\/div>\n<\/div>\n<\/div><\/div>\n\n\n\n<div class=\"wp-block-uagb-slider-child uagb-slider-child-wrap swiper-slide uagb-block-bc8e509a\"><div class=\"swiper-content\">\n<div class=\"wp-block-uagb-container uagb-block-3fc61d12\">\n<div class=\"wp-block-uagb-info-box uagb-block-3a083d3f uagb-infobox__content-wrap  uagb-infobox-icon-above-title uagb-infobox-image-valign-top\"><div class=\"uagb-ifb-content\"><div class=\"uagb-ifb-title-wrap\"><h3 class=\"uagb-ifb-title\"><strong>Lealtad<\/strong><\/h3><\/div><\/div><\/div>\n<\/div>\n<\/div><\/div>\n\n\n\n<div class=\"wp-block-uagb-slider-child uagb-slider-child-wrap swiper-slide uagb-block-684fef0d\"><div class=\"swiper-content\">\n<div class=\"wp-block-uagb-container uagb-block-3038ae02\">\n<div class=\"wp-block-uagb-info-box uagb-block-8dfbc4dc uagb-infobox__content-wrap  uagb-infobox-icon-above-title uagb-infobox-image-valign-top\"><div class=\"uagb-ifb-content\"><div class=\"uagb-ifb-title-wrap\"><h3 class=\"uagb-ifb-title\"><strong>Discreci\u00f3n<\/strong><\/h3><\/div><\/div><\/div>\n<\/div>\n<\/div><\/div>\n\n\n\n<div class=\"wp-block-uagb-slider-child uagb-slider-child-wrap swiper-slide uagb-block-e32ca411\"><div class=\"swiper-content\">\n<div class=\"wp-block-uagb-container uagb-block-4604d7d4\">\n<div class=\"wp-block-uagb-info-box uagb-block-ecbdcf9b uagb-infobox__content-wrap  uagb-infobox-icon-above-title uagb-infobox-image-valign-top\"><div class=\"uagb-ifb-content\"><div class=\"uagb-ifb-title-wrap\"><h3 class=\"uagb-ifb-title\"><strong>Sinceridad<\/strong><\/h3><\/div><\/div><\/div>\n<\/div>\n<\/div><\/div>\n\n\n\n<div class=\"wp-block-uagb-slider-child uagb-slider-child-wrap swiper-slide uagb-block-856c68a4\"><div class=\"swiper-content\">\n<div class=\"wp-block-uagb-container uagb-block-f521d0a2\">\n<div class=\"wp-block-uagb-info-box uagb-block-063037be uagb-infobox__content-wrap  uagb-infobox-icon-above-title uagb-infobox-image-valign-top\"><div class=\"uagb-ifb-content\"><div class=\"uagb-ifb-title-wrap\"><h3 class=\"uagb-ifb-title\"><strong>Dignidad<\/strong><\/h3><\/div><\/div><\/div>\n<\/div>\n<\/div><\/div>\n\n\n\n<div class=\"wp-block-uagb-slider-child uagb-slider-child-wrap swiper-slide uagb-block-56432d84\"><div class=\"swiper-content\">\n<div class=\"wp-block-uagb-container uagb-block-7dab5012\">\n<div class=\"wp-block-uagb-info-box uagb-block-8103299d uagb-infobox__content-wrap  uagb-infobox-icon-above-title uagb-infobox-image-valign-top\"><div class=\"uagb-ifb-content\"><div class=\"uagb-ifb-title-wrap\"><h3 class=\"uagb-ifb-title\"><strong>Honestidad<\/strong><\/h3><\/div><\/div><\/div>\n<\/div>\n<\/div><\/div>\n\n\n\n<div class=\"wp-block-uagb-slider-child uagb-slider-child-wrap swiper-slide uagb-block-fc91f646\"><div class=\"swiper-content\">\n<div class=\"wp-block-uagb-container uagb-block-a0d05d14\">\n<div class=\"wp-block-uagb-info-box uagb-block-749db3de uagb-infobox__content-wrap  uagb-infobox-icon-above-title uagb-infobox-image-valign-top\"><div class=\"uagb-ifb-content\"><div class=\"uagb-ifb-title-wrap\"><h3 class=\"uagb-ifb-title\"><strong>Respeto<\/strong><\/h3><\/div><\/div><\/div>\n<\/div>\n<\/div><\/div>\n\n\n\n<div class=\"wp-block-uagb-slider-child uagb-slider-child-wrap swiper-slide uagb-block-3d11770e\"><div class=\"swiper-content\">\n<div class=\"wp-block-uagb-container uagb-block-98b69908\">\n<div class=\"wp-block-uagb-info-box uagb-block-3b54a5b6 uagb-infobox__content-wrap  uagb-infobox-icon-above-title uagb-infobox-image-valign-top\"><div class=\"uagb-ifb-content\"><div class=\"uagb-ifb-title-wrap\"><h3 class=\"uagb-ifb-title\"><span class=\"sqsrte-text-color--white\" id=\"yui_3_17_2_1_1695526909111_582\"><strong id=\"yui_3_17_2_1_1695526909111_581\">Honorabilidad<\/strong><\/span><\/h3><\/div><\/div><\/div>\n<\/div>\n<\/div><\/div>\n\n\n\n<div class=\"wp-block-uagb-slider-child uagb-slider-child-wrap swiper-slide uagb-block-4deb8e64\"><div class=\"swiper-content\">\n<div class=\"wp-block-uagb-container uagb-block-692fd339\">\n<div class=\"wp-block-uagb-info-box uagb-block-0b9978b0 uagb-infobox__content-wrap  uagb-infobox-icon-above-title uagb-infobox-image-valign-top\"><div class=\"uagb-ifb-content\"><div class=\"uagb-ifb-title-wrap\"><h3 class=\"uagb-ifb-title\"><strong>Probidad<\/strong><\/h3><\/div><\/div><\/div>\n<\/div>\n<\/div><\/div>\n<\/div><\/div><div class=\"swiper-pagination\"><\/div><div class=\"swiper-button-prev\"><\/div><div class=\"swiper-button-next\"><\/div><\/div>\n<\/div><\/div>\n","protected":false},"excerpt":{"rendered":"<p>Te damos la bienvenida al Colegio de M\u00e9dicos Cirujanos J. Raymond Tournay Enfocados a la Flebolog\u00eda y Linfolog\u00eda en el Estado de M\u00e9xico A.C. Nuestra identidad institucional. Nuestros Valores<\/p>\n","protected":false},"author":1,"featured_media":0,"parent":0,"menu_order":0,"comment_status":"closed","ping_status":"closed","template":"","meta":{"_uag_custom_page_level_css":"","site-sidebar-layout":"no-sidebar","site-content-layout":"page-builder","ast-site-content-layout":"full-width-container","site-content-style":"unboxed","site-sidebar-style":"unboxed","ast-global-header-display":"","ast-banner-title-visibility":"","ast-main-header-display":"","ast-hfb-above-header-display":"","ast-hfb-below-header-display":"","ast-hfb-mobile-header-display":"","site-post-title":"disabled","ast-breadcrumbs-content":"","ast-featured-img":"disabled","footer-sml-layout":"","theme-transparent-header-meta":"enabled","adv-header-id-meta":"","stick-header-meta":"","header-above-stick-meta":"","header-main-stick-meta":"","header-below-stick-meta":"","astra-migrate-meta-layouts":"set","footnotes":""},"uagb_featured_image_src":{"full":false,"thumbnail":false,"medium":false,"medium_large":false,"large":false,"1536x1536":false,"2048x2048":false},"uagb_author_info":{"display_name":"adminflebo231","author_link":"https:\/\/colegioflebologia.org\/index.php\/author\/adminflebo231\/"},"uagb_comment_info":0,"uagb_excerpt":"Te damos la bienvenida al Colegio de M\u00e9dicos Cirujanos J. Raymond Tournay Enfocados a la Flebolog\u00eda y Linfolog\u00eda en el Estado de M\u00e9xico A.C. Nuestra identidad institucional. Nuestros Valores","_links":{"self":[{"href":"https:\/\/colegioflebologia.org\/index.php\/wp-json\/wp\/v2\/pages\/135"}],"collection":[{"href":"https:\/\/colegioflebologia.org\/index.php\/wp-json\/wp\/v2\/pages"}],"about":[{"href":"https:\/\/colegioflebologia.org\/index.php\/wp-json\/wp\/v2\/types\/page"}],"author":[{"embeddable":true,"href":"https:\/\/colegioflebologia.org\/index.php\/wp-json\/wp\/v2\/users\/1"}],"replies":[{"embeddable":true,"href":"https:\/\/colegioflebologia.org\/index.php\/wp-json\/wp\/v2\/comments?post=135"}],"version-history":[{"count":51,"href":"https:\/\/colegioflebologia.org\/index.php\/wp-json\/wp\/v2\/pages\/135\/revisions"}],"predecessor-version":[{"id":950,"href":"https:\/\/colegioflebologia.org\/index.php\/wp-json\/wp\/v2\/pages\/135\/revisions\/950"}],"wp:attachment":[{"href":"https:\/\/colegioflebologia.org\/index.php\/wp-json\/wp\/v2\/media?parent=135"}],"curies":[{"name":"wp","href":"https:\/\/api.w.org\/{rel}","templated":true}]}}