{"id":912,"date":"2023-09-24T10:15:40","date_gmt":"2023-09-24T10:15:40","guid":{"rendered":"https:\/\/colegioflebologia.org\/?page_id=912"},"modified":"2023-09-24T16:59:38","modified_gmt":"2023-09-24T16:59:38","slug":"comites","status":"publish","type":"page","link":"https:\/\/colegioflebologia.org\/index.php\/comites\/","title":{"rendered":"Comit\u00e9s de Comisiones Especiales"},"content":{"rendered":"\n<div class=\"wp-block-uagb-container uagb-block-b1ef2d10 alignfull uagb-is-root-container\"><div class=\"uagb-container-inner-blocks-wrap\">\n<div class=\"wp-block-uagb-container uagb-block-b3cab1cd\"><\/div>\n\n\n\n<div class=\"wp-block-uagb-container uagb-block-5e4d9c90\">\n<h2 class=\"wp-block-heading\"><\/h2>\n<\/div>\n\n\n\n<div class=\"wp-block-uagb-container uagb-block-b8c5bb84\"><\/div>\n<\/div><\/div>\n\n\n\n<div class=\"wp-block-uagb-container uagb-block-40e14df1 alignfull uagb-is-root-container\"><div class=\"uagb-container-inner-blocks-wrap\">\n<div class=\"wp-block-uagb-container uagb-block-aaf831fd\">\n<div class=\"wp-block-uagb-info-box uagb-block-bfde9e54 uagb-infobox__content-wrap  uagb-infobox-icon-above-title uagb-infobox-image-valign-top\"><div class=\"uagb-ifb-content\"><div class=\"uagb-ifb-title-wrap\"><h4 class=\"uagb-ifb-title\">Presidente de \u00e9tica, honor y justicia<\/h4><\/div><p class=\"uagb-ifb-desc\">Dr. Fausto Manuel Flores P\u00e9rez<br>C\u00e9dula Profesional: 894539<br>Tel\u00e9fono: 993 396 4817<\/p><\/div><\/div>\n<\/div>\n\n\n\n<div class=\"wp-block-uagb-container uagb-block-0dd2980a\">\n<div class=\"wp-block-uagb-info-box uagb-block-304b7ae9 uagb-infobox__content-wrap  uagb-infobox-icon-above-title uagb-infobox-image-valign-top\"><div class=\"uagb-ifb-content\"><div class=\"uagb-ifb-title-wrap\"><h4 class=\"uagb-ifb-title\">Presidente de <br>admisi\u00f3n<\/h4><\/div><p class=\"uagb-ifb-desc\">Orlando Lira Rodr\u00edguez<br>C\u00e9dula Profesional: 5059727<br>Tel\u00e9fono: 771 240 8833<\/p><\/div><\/div>\n<\/div>\n<\/div><\/div>\n\n\n\n<div class=\"wp-block-uagb-container uagb-block-0eb46896 alignfull uagb-is-root-container\"><div class=\"uagb-container-inner-blocks-wrap\">\n<div class=\"wp-block-uagb-container uagb-block-fce9da80\">\n<div class=\"wp-block-uagb-container uagb-block-61936156\">\n<div class=\"wp-block-uagb-info-box uagb-block-b82e8d71 uagb-infobox__content-wrap  uagb-infobox-icon-above-title uagb-infobox-image-valign-top\"><div class=\"uagb-ifb-content\"><div class=\"uagb-ifb-title-wrap\"><h3 class=\"uagb-ifb-title\">Presidente de peritos profesionales<\/h3><\/div><p class=\"uagb-ifb-desc\">Dra. Mireya Sara\u00ed Galv\u00e1n Hern\u00e1ndez<br>C\u00e9dula Profesional: 8197530<br>Tel\u00e9fono: 33 1020 1483<\/p><\/div><\/div>\n<\/div>\n<\/div>\n\n\n\n<div class=\"wp-block-uagb-container uagb-block-6a705806\">\n<div class=\"wp-block-uagb-container uagb-block-1cc24f49\">\n<div class=\"wp-block-uagb-info-box uagb-block-4a1ebc4c uagb-infobox__content-wrap  uagb-infobox-icon-above-title uagb-infobox-image-valign-top\"><div class=\"uagb-ifb-content\"><div class=\"uagb-ifb-title-wrap\"><h3 class=\"uagb-ifb-title\">Presidente de planificaci\u00f3n:<\/h3><\/div><p class=\"uagb-ifb-desc\">Dr. Jos\u00e9 Fernando Torres S\u00e1nchez<br>C\u00e9dula Profesional: 6905650<br>Tel\u00e9fono: 951 222 6344<\/p><\/div><\/div>\n<\/div>\n<\/div>\n<\/div><\/div>\n\n\n\n<div class=\"wp-block-uagb-container uagb-block-1dffb00a alignfull uagb-is-root-container\"><div class=\"uagb-container-inner-blocks-wrap\">\n<div class=\"wp-block-uagb-container uagb-block-60564c03\">\n<div class=\"wp-block-uagb-container uagb-block-43ff831f\">\n<div class=\"wp-block-uagb-info-box uagb-block-d404699e uagb-infobox__content-wrap  uagb-infobox-icon-above-title uagb-infobox-image-valign-top\"><div class=\"uagb-ifb-content\"><div class=\"uagb-ifb-title-wrap\"><h3 class=\"uagb-ifb-title\">Presidente de asuntos internacionales<\/h3><\/div><p class=\"uagb-ifb-desc\">Dr. Fernando Vega Rasgado<br>C\u00e9dula Profesional: 1161950<br>Tel\u00e9fono: 55 4367 8939<\/p><\/div><\/div>\n<\/div>\n<\/div>\n\n\n\n<div class=\"wp-block-uagb-container uagb-block-b358a80b\">\n<div class=\"wp-block-uagb-container uagb-block-f5a3d19e\">\n<div class=\"wp-block-uagb-info-box uagb-block-fa6575bd uagb-infobox__content-wrap  uagb-infobox-icon-above-title uagb-infobox-image-valign-top\"><div class=\"uagb-ifb-content\"><div class=\"uagb-ifb-title-wrap\"><h3 class=\"uagb-ifb-title\">Presidente de publicidad, prensa y divulgaci\u00f3n:<\/h3><\/div><p class=\"uagb-ifb-desc\">Dra. Daniela Uribe Horta<br>C\u00e9dula Profesional: 10907836<br>Tel\u00e9fono: 664 266 3509<\/p><\/div><\/div>\n<\/div>\n<\/div>\n<\/div><\/div>\n\n\n\n<div class=\"wp-block-uagb-container uagb-block-8ea8bde2 alignfull uagb-is-root-container\"><div class=\"uagb-container-inner-blocks-wrap\">\n<div class=\"wp-block-uagb-container uagb-block-3f058288\">\n<div class=\"wp-block-uagb-container uagb-block-367fcf55\">\n<div class=\"wp-block-uagb-info-box uagb-block-d2db6f20 uagb-infobox__content-wrap  uagb-infobox-icon-above-title uagb-infobox-image-valign-top\"><div class=\"uagb-ifb-content\"><div class=\"uagb-ifb-title-wrap\"><h3 class=\"uagb-ifb-title\">Presidente de academia y vinculaci\u00f3n<\/h3><\/div><p class=\"uagb-ifb-desc\">Dra. Griselda Pe\u00f1a Melgoza<br>C\u00e9dula Profesional: 4414238<br>Tel\u00e9fono: 351 109 8332<\/p><\/div><\/div>\n<\/div>\n<\/div>\n\n\n\n<div class=\"wp-block-uagb-container uagb-block-6dab690e\">\n<div class=\"wp-block-uagb-container uagb-block-0335a3df\">\n<div class=\"wp-block-uagb-info-box uagb-block-28f8b2d0 uagb-infobox__content-wrap  uagb-infobox-icon-above-title uagb-infobox-image-valign-top\"><div class=\"uagb-ifb-content\"><div class=\"uagb-ifb-title-wrap\"><h3 class=\"uagb-ifb-title\">Presidente de <br>certificaci\u00f3n<br><\/h3><\/div><p class=\"uagb-ifb-desc\">Dr. Francisco Geovany Soto Rodr\u00edguez<br>C\u00e9dula Profesional: 5986145<br>Tel\u00e9fono: 469 113 1187<\/p><\/div><\/div>\n<\/div>\n<\/div>\n<\/div><\/div>\n\n\n\n<div class=\"wp-block-uagb-container uagb-block-14037d1b alignfull uagb-is-root-container\"><div class=\"uagb-container-inner-blocks-wrap\">\n<div class=\"wp-block-uagb-container uagb-block-517a71dc\">\n<div class=\"wp-block-uagb-container uagb-block-70187487\">\n<div class=\"wp-block-uagb-info-box uagb-block-bf239adc uagb-infobox__content-wrap  uagb-infobox-icon-above-title uagb-infobox-image-valign-top\"><div class=\"uagb-ifb-content\"><div class=\"uagb-ifb-title-wrap\"><h3 class=\"uagb-ifb-title\">Presidente de estudios cient\u00edficos de flebolog\u00eda y linfolog\u00eda<\/h3><\/div><p class=\"uagb-ifb-desc\">Dr. Marco Antonio Ayala Garc\u00eda<br>C\u00e9dula Profesional: 2110350<br>Tel\u00e9fono: 477 241 4826<\/p><\/div><\/div>\n<\/div>\n<\/div>\n\n\n\n<div class=\"wp-block-uagb-container uagb-block-6c82ed07\">\n<div class=\"wp-block-uagb-container uagb-block-c607e351\">\n<div class=\"wp-block-uagb-info-box uagb-block-153c98bd uagb-infobox__content-wrap  uagb-infobox-icon-above-title uagb-infobox-image-valign-top\"><div class=\"uagb-ifb-content\"><div class=\"uagb-ifb-title-wrap\"><h3 class=\"uagb-ifb-title\">Presidente del <br>servicio social<br>profesional<\/h3><\/div><p class=\"uagb-ifb-desc\">Dr. Rom\u00e1n Flores P\u00e9rez<br>C\u00e9dula Profesional: 2658757<br>Tel\u00e9fono: 55 5686 4121<\/p><\/div><\/div>\n<\/div>\n<\/div>\n<\/div><\/div>\n","protected":false},"excerpt":{"rendered":"","protected":false},"author":1,"featured_media":0,"parent":0,"menu_order":0,"comment_status":"closed","ping_status":"closed","template":"","meta":{"_uag_custom_page_level_css":"","site-sidebar-layout":"no-sidebar","site-content-layout":"","ast-site-content-layout":"full-width-container","site-content-style":"unboxed","site-sidebar-style":"default","ast-global-header-display":"","ast-banner-title-visibility":"","ast-main-header-display":"","ast-hfb-above-header-display":"","ast-hfb-below-header-display":"","ast-hfb-mobile-header-display":"","site-post-title":"disabled","ast-breadcrumbs-content":"","ast-featured-img":"","footer-sml-layout":"","theme-transparent-header-meta":"enabled","adv-header-id-meta":"","stick-header-meta":"","header-above-stick-meta":"","header-main-stick-meta":"","header-below-stick-meta":"","astra-migrate-meta-layouts":"set","footnotes":""},"uagb_featured_image_src":{"full":false,"thumbnail":false,"medium":false,"medium_large":false,"large":false,"1536x1536":false,"2048x2048":false},"uagb_author_info":{"display_name":"adminflebo231","author_link":"https:\/\/colegioflebologia.org\/index.php\/author\/adminflebo231\/"},"uagb_comment_info":0,"uagb_excerpt":null,"_links":{"self":[{"href":"https:\/\/colegioflebologia.org\/index.php\/wp-json\/wp\/v2\/pages\/912"}],"collection":[{"href":"https:\/\/colegioflebologia.org\/index.php\/wp-json\/wp\/v2\/pages"}],"about":[{"href":"https:\/\/colegioflebologia.org\/index.php\/wp-json\/wp\/v2\/types\/page"}],"author":[{"embeddable":true,"href":"https:\/\/colegioflebologia.org\/index.php\/wp-json\/wp\/v2\/users\/1"}],"replies":[{"embeddable":true,"href":"https:\/\/colegioflebologia.org\/index.php\/wp-json\/wp\/v2\/comments?post=912"}],"version-history":[{"count":18,"href":"https:\/\/colegioflebologia.org\/index.php\/wp-json\/wp\/v2\/pages\/912\/revisions"}],"predecessor-version":[{"id":954,"href":"https:\/\/colegioflebologia.org\/index.php\/wp-json\/wp\/v2\/pages\/912\/revisions\/954"}],"wp:attachment":[{"href":"https:\/\/colegioflebologia.org\/index.php\/wp-json\/wp\/v2\/media?parent=912"}],"curies":[{"name":"wp","href":"https:\/\/api.w.org\/{rel}","templated":true}]}}